{"id":14,"date":"2023-11-11T18:39:18","date_gmt":"2023-11-11T17:39:18","guid":{"rendered":"http:\/\/quartiermontsouris.org\/?page_id=14"},"modified":"2024-02-15T17:51:33","modified_gmt":"2024-02-15T16:51:33","slug":"about","status":"publish","type":"page","link":"https:\/\/quartiermontsouris.org\/?page_id=14","title":{"rendered":"Association Reille Montsouris : Rejoignez-nous"},"content":{"rendered":"\n<h2 class=\"wp-block-heading\">Pourquoi avons-nous cr\u00e9\u00e9 une telle association ?<\/h2>\n\n\n\n<p><strong>Plus de 600 personnes<\/strong> ont sign\u00e9 une p\u00e9tition lanc\u00e9e \u00e0 l\u2019automne 2021 sur change.org.<\/p>\n\n\n\n<p>Pour pouvoir aller plus loin et <strong>exister en tant que groupe de pression<\/strong>, les membres de ce Collectif ont d\u00e9cid\u00e9 de se constituer en Association.<\/p>\n\n\n\n<p>L\u2019Association Reille Montsouris entend r\u00e9agir \u00e0 <strong>une hausse sensible du trafic routier et des nuisances associ\u00e9es<\/strong>. D\u2019importants reports de circulation ont \u00e9t\u00e9 constat\u00e9s dans le quartier Montsouris et cons\u00e9quence des d\u00e9cisions irr\u00e9fl\u00e9chies et non concert\u00e9es de la mairie :<\/p>\n\n\n\n<ul>\n<li>Rue d\u2019Al\u00e9sia puis Rue Nansouty&nbsp;: mises en sens unique<\/li>\n\n\n\n<li>Avenue du G\u00e9n\u00e9ral Leclerc&nbsp;:\n<ul>\n<li>r\u00e9tr\u00e9cissement des voies de circulation entre Al\u00e9sia et Denfert Rochereau<\/li>\n\n\n\n<li>mise en sens unique (\u00e0 venir) des voies de circulation entre Porte d\u2019Orl\u00e9ans et Al\u00e9sia<\/li>\n<\/ul>\n<\/li>\n\n\n\n<li>Futures cons\u00e9quences du r\u00e9am\u00e9nagement de la place Denfert Rochereau ?<\/li>\n<\/ul>\n\n\n\n<p>L\u2019ARM entend dialoguer avec tous les signataires et porter haut et fort leurs revendications y compris si n\u00e9cessaire par voie juridique.<\/p>\n\n\n\n<p><strong>Trois objectifs majeurs<\/strong>&nbsp;nous r\u00e9unissent :<\/p>\n\n\n\n<ul>\n<li>permettre \u00e0 toutes et tous les r\u00e9sidents d\u2019avoir une libert\u00e9 et une fluidit\u00e9 de circulation dans le quartier<\/li>\n\n\n\n<li>\u00e9viter l\u2019effet forteresse propos\u00e9 par la mairie du 14<sup>e<\/sup><\/li>\n\n\n\n<li>contraindre la mairie \u00e0 appliquer la politique qu\u2019elle a, elle-m\u00eame, \u00e9dict\u00e9&nbsp;: \u00ab&nbsp;la circulation doit de faire prioritairement sur les grands axes&nbsp;\u00bb<\/li>\n<\/ul>\n\n\n\n<p><strong>Une conviction forte&nbsp;<\/strong>: le 14<sup>e<\/sup> ne peut vivre isol\u00e9 du reste du monde et des habitants limitrophes&nbsp;!<\/p>\n\n\n\n<p><strong>Trois exigences<\/strong> avant tout futur changement&nbsp;:<\/p>\n\n\n\n<ul>\n<li>cesser de se contenter de simples ressentis<\/li>\n\n\n\n<li>r\u00e9aliser une v\u00e9ritable \u00e9tude d\u2019impact scientifique sur les reports<\/li>\n\n\n\n<li>travailler le plan de circulation dans son ensemble et non rue par rue<\/li>\n<\/ul>\n\n\n\n<p><strong>Rejoignez-nous<\/strong> d\u00e8s aujourd&rsquo;hui et devenez un membre actif de notre association de riverains pour la qualit\u00e9 de vie du quartier.<\/p>\n\n\n\n<div class=\"wp-block-file\"><a id=\"wp-block-file--media-31f16b51-0fa4-4fb5-8f1b-b93e232897b9\" href=\"http:\/\/quartiermontsouris.org\/wp-content\/uploads\/2024\/02\/Bulletin-dadhesion-Flyer-.doc\">Bulletin d&rsquo;adhe\u0301sion Flyer<\/a><a href=\"http:\/\/quartiermontsouris.org\/wp-content\/uploads\/2024\/02\/Bulletin-dadhesion-Flyer-.doc\" class=\"wp-block-file__button wp-element-button\" download aria-describedby=\"wp-block-file--media-31f16b51-0fa4-4fb5-8f1b-b93e232897b9\">T\u00e9l\u00e9charger<\/a><\/div>\n\n\n\n<p><strong>Ensemble, nous pouvons faire une diff\u00e9rence et cr\u00e9er un quartier o\u00f9 il fait bon vivre pour tous!<\/strong><\/p>\n","protected":false},"excerpt":{"rendered":"<p>Pourquoi avons-nous cr\u00e9\u00e9 une telle association ? Plus de 600 personnes ont sign\u00e9 une p\u00e9tition lanc\u00e9e \u00e0 l\u2019automne 2021 sur change.org. Pour pouvoir aller plus loin et exister en tant que groupe de pression, les membres de ce Collectif ont d\u00e9cid\u00e9 de se constituer en Association. L\u2019Association Reille Montsouris entend r\u00e9agir \u00e0 une hausse sensible [&hellip;]<\/p>\n","protected":false},"author":1,"featured_media":0,"parent":0,"menu_order":0,"comment_status":"closed","ping_status":"closed","template":"","meta":{"site-container-style":"default","site-container-layout":"default","site-sidebar-layout":"default","disable-article-header":"default","disable-site-header":"default","disable-site-footer":"default","disable-content-area-spacing":"default","footnotes":""},"aioseo_notices":[],"_links":{"self":[{"href":"https:\/\/quartiermontsouris.org\/index.php?rest_route=\/wp\/v2\/pages\/14"}],"collection":[{"href":"https:\/\/quartiermontsouris.org\/index.php?rest_route=\/wp\/v2\/pages"}],"about":[{"href":"https:\/\/quartiermontsouris.org\/index.php?rest_route=\/wp\/v2\/types\/page"}],"author":[{"embeddable":true,"href":"https:\/\/quartiermontsouris.org\/index.php?rest_route=\/wp\/v2\/users\/1"}],"replies":[{"embeddable":true,"href":"https:\/\/quartiermontsouris.org\/index.php?rest_route=%2Fwp%2Fv2%2Fcomments&post=14"}],"version-history":[{"count":7,"href":"https:\/\/quartiermontsouris.org\/index.php?rest_route=\/wp\/v2\/pages\/14\/revisions"}],"predecessor-version":[{"id":354,"href":"https:\/\/quartiermontsouris.org\/index.php?rest_route=\/wp\/v2\/pages\/14\/revisions\/354"}],"wp:attachment":[{"href":"https:\/\/quartiermontsouris.org\/index.php?rest_route=%2Fwp%2Fv2%2Fmedia&parent=14"}],"curies":[{"name":"wp","href":"https:\/\/api.w.org\/{rel}","templated":true}]}}